{"id":882,"date":"2018-10-04T11:58:04","date_gmt":"2018-10-04T09:58:04","guid":{"rendered":"https:\/\/www.re-management.fr\/portraits\/"},"modified":"2024-03-06T19:26:53","modified_gmt":"2024-03-06T18:26:53","slug":"services","status":"publish","type":"page","link":"https:\/\/www.re-management.fr\/en\/services\/","title":{"rendered":"Services"},"content":{"rendered":"<p style=\"text-align: center;\">\t<div class=\"portrait-liste\">\n\t\t<div class=\"row\">\n\t\t\t<div class=\"col-md-3 col-sm-6 col-xs-12\"><div class=\"item\">\n\t\t\t<div class=\"titre\">\n\t\t\t\tSTUDIES, CONCEPTS AND DESIGN\t\t\t<\/div>\n\t\t\t<div class=\"plus\"><a href=\"#\" class=\"lien-plus\" data-overlay=\".description\" data-class=\"content-portrait\" title=\"STUDIES, CONCEPTS AND DESIGN\"><i class=\"far fa-plus\"><\/i><\/a><\/div>\n\t\t\t<div class=\"description hidden\">\n\t\t\t\t<div class=\"image\"><img decoding=\"async\" src=\"https:\/\/www.re-management.fr\/wp-content\/uploads\/2020\/06\/Capture-d\u2019\u00e9cran-2020-06-01-\u00e0-12.13.35.png\" alt=\"\"><\/div>\n\t\t\t\t<div class=\"titre\">STUDIES, CONCEPTS AND DESIGN<\/div>\n\t\t\t\t<div class=\"texte\"><ul>\n<li>In depth study of the market<\/li>\n<li>Concepts and design programs proposals<\/li>\n<li>Workshops coordination with the project management team<\/li>\n<li>Functional layouts&#8217; review and suggestions<\/li>\n<li>Overall specifications&#8217; review and suggestions<\/li>\n<li>Guest, supply and service flows analysis<\/li>\n<li>Back of house\/service areas design proposals<\/li>\n<li>Equipment proposal according to opertation needs<\/li>\n<li>FF&amp;E review<\/li>\n<\/ul>\n<\/div>\n\t\t\t<\/div>\n\t\t<\/div><\/div>\n\t\t\t\t<div class=\"col-md-3 col-sm-6 col-xs-12\"><div class=\"item\">\n\t\t\t<div class=\"titre\">\n\t\t\t\tSTRATEGY AND PRE-OPENING SUPPORT\t\t\t<\/div>\n\t\t\t<div class=\"plus\"><a href=\"#\" class=\"lien-plus\" data-overlay=\".description\" data-class=\"content-portrait\" title=\"STRATEGY AND PRE-OPENING SUPPORT\"><i class=\"far fa-plus\"><\/i><\/a><\/div>\n\t\t\t<div class=\"description hidden\">\n\t\t\t\t<div class=\"image\"><img decoding=\"async\" src=\"https:\/\/www.re-management.fr\/wp-content\/uploads\/2020\/05\/007-Exte\u2560\u00fcrieur.jpg\" alt=\"\"><\/div>\n\t\t\t\t<div class=\"titre\">STRATEGY AND PRE-OPENING SUPPORT<\/div>\n\t\t\t\t<div class=\"texte\"><ul>\n<li>Operational scheme determination<\/li>\n<li>Turnover forecast<\/li>\n<li>Profit and loss forecast<\/li>\n<li>Pre-opening strategy definition<\/li>\n<li>Organization chart proposals<\/li>\n<li>Job descriptions drafting<\/li>\n<li>Pre-opening retro planning drafting<\/li>\n<li>Service standards definition<\/li>\n<li>Operational criteria drafting<\/li>\n<li>Support throughout the recruitment process<\/li>\n<li>Training courses proposition<\/li>\n<li>Pricing strategy inputs<\/li>\n<li>Revenue\/yield management strategy inputs<\/li>\n<li>Digital tools implementation assistance<\/li>\n<li>OS&amp;E specifications according to requierments<\/li>\n<li>Support with all operational choices<\/li>\n<\/ul>\n<\/div>\n\t\t\t<\/div>\n\t\t<\/div><\/div>\n\t\t\t\t<div class=\"col-md-3 col-sm-6 col-xs-12\"><div class=\"item\">\n\t\t\t<div class=\"titre\">\n\t\t\t\tOVERALL MANAGEMENT OR TARGETED AUDITS\t\t\t<\/div>\n\t\t\t<div class=\"plus\"><a href=\"#\" class=\"lien-plus\" data-overlay=\".description\" data-class=\"content-portrait\" title=\"OVERALL MANAGEMENT OR TARGETED AUDITS\"><i class=\"far fa-plus\"><\/i><\/a><\/div>\n\t\t\t<div class=\"description hidden\">\n\t\t\t\t<div class=\"image\"><img decoding=\"async\" src=\"https:\/\/www.re-management.fr\/wp-content\/uploads\/2018\/10\/x-1.jpg\" alt=\"\"><\/div>\n\t\t\t\t<div class=\"titre\">OVERALL MANAGEMENT OR TARGETED AUDITS<\/div>\n\t\t\t\t<div class=\"texte\"><ul>\n<li>Overall management<\/li>\n<li>Executive management coaching<\/li>\n<li>Financial diagnostic and guidance<\/li>\n<li>Budget establishment, investment and expenses<\/li>\n<li>Control<\/li>\n<li>Sales and marketing strategy supervision<\/li>\n<li>Communication strategy supervision<\/li>\n<li>Quality program implementation<\/li>\n<li>Human ressources advising<\/li>\n<\/ul>\n<\/div>\n\t\t\t<\/div>\n\t\t<\/div><\/div>\n\t\t\t\t<\/div>\n\t<\/div>\n\t\n","protected":false},"excerpt":{"rendered":"","protected":false},"author":1,"featured_media":0,"parent":0,"menu_order":0,"comment_status":"closed","ping_status":"closed","template":"","meta":{"_exactmetrics_skip_tracking":false,"_exactmetrics_sitenote_active":false,"_exactmetrics_sitenote_note":"","_exactmetrics_sitenote_category":0,"footnotes":""},"class_list":["post-882","page","type-page","status-publish","hentry"],"yoast_head":"<!-- This site is optimized with the Yoast SEO plugin v27.4 - https:\/\/yoast.com\/product\/yoast-seo-wordpress\/ -->\n<title>Services - R\u00e9 Management<\/title>\n<meta name=\"description\" content=\"Des propri\u00e9taires dynamiques, des directeurs charismatiques, des \u00e9quipes d\u2019accueil d\u00e9vou\u00e9es. Heloise\u2019s Choice place l\u2019humain au c\u0153ur de sa conception.\" \/>\n<meta name=\"robots\" content=\"index, follow, max-snippet:-1, max-image-preview:large, max-video-preview:-1\" \/>\n<link rel=\"canonical\" href=\"https:\/\/www.re-management.fr\/en\/services\/\" \/>\n<meta property=\"og:locale\" content=\"en_US\" \/>\n<meta property=\"og:type\" content=\"article\" \/>\n<meta property=\"og:title\" content=\"Services - R\u00e9 Management\" \/>\n<meta property=\"og:description\" content=\"Des propri\u00e9taires dynamiques, des directeurs charismatiques, des \u00e9quipes d\u2019accueil d\u00e9vou\u00e9es. Heloise\u2019s Choice place l\u2019humain au c\u0153ur de sa conception.\" \/>\n<meta property=\"og:url\" content=\"https:\/\/www.re-management.fr\/en\/services\/\" \/>\n<meta property=\"og:site_name\" content=\"R\u00e9 Management\" \/>\n<meta property=\"article:modified_time\" content=\"2024-03-06T18:26:53+00:00\" \/>\n<meta name=\"twitter:card\" content=\"summary_large_image\" \/>\n<meta name=\"twitter:label1\" content=\"Est. reading time\" \/>\n\t<meta name=\"twitter:data1\" content=\"1 minute\" \/>\n<script type=\"application\/ld+json\" class=\"yoast-schema-graph\">{\"@context\":\"https:\\\/\\\/schema.org\",\"@graph\":[{\"@type\":\"WebPage\",\"@id\":\"https:\\\/\\\/www.re-management.fr\\\/en\\\/services\\\/\",\"url\":\"https:\\\/\\\/www.re-management.fr\\\/en\\\/services\\\/\",\"name\":\"Services - R\u00e9 Management\",\"isPartOf\":{\"@id\":\"https:\\\/\\\/www.re-management.fr\\\/#website\"},\"datePublished\":\"2018-10-04T09:58:04+00:00\",\"dateModified\":\"2024-03-06T18:26:53+00:00\",\"description\":\"Des propri\u00e9taires dynamiques, des directeurs charismatiques, des \u00e9quipes d\u2019accueil d\u00e9vou\u00e9es. Heloise\u2019s Choice place l\u2019humain au c\u0153ur de sa conception.\",\"breadcrumb\":{\"@id\":\"https:\\\/\\\/www.re-management.fr\\\/en\\\/services\\\/#breadcrumb\"},\"inLanguage\":\"en-US\",\"potentialAction\":[{\"@type\":\"ReadAction\",\"target\":[\"https:\\\/\\\/www.re-management.fr\\\/en\\\/services\\\/\"]}]},{\"@type\":\"BreadcrumbList\",\"@id\":\"https:\\\/\\\/www.re-management.fr\\\/en\\\/services\\\/#breadcrumb\",\"itemListElement\":[{\"@type\":\"ListItem\",\"position\":1,\"name\":\"Accueil\",\"item\":\"https:\\\/\\\/www.re-management.fr\\\/\"},{\"@type\":\"ListItem\",\"position\":2,\"name\":\"Services\"}]},{\"@type\":\"WebSite\",\"@id\":\"https:\\\/\\\/www.re-management.fr\\\/#website\",\"url\":\"https:\\\/\\\/www.re-management.fr\\\/\",\"name\":\"R\u00e9 Management\",\"description\":\"Didier et Olivia Le Calvez, et leur \u00e9quipe, partageront avec vous toute l\u2019expertise qu\u2019ils ont acquis et mise en \u0153uvre pour le positionnement et la gestion d\u2019h\u00f4tels.\",\"potentialAction\":[{\"@type\":\"SearchAction\",\"target\":{\"@type\":\"EntryPoint\",\"urlTemplate\":\"https:\\\/\\\/www.re-management.fr\\\/?s={search_term_string}\"},\"query-input\":{\"@type\":\"PropertyValueSpecification\",\"valueRequired\":true,\"valueName\":\"search_term_string\"}}],\"inLanguage\":\"en-US\"}]}<\/script>\n<!-- \/ Yoast SEO plugin. -->","yoast_head_json":{"title":"Services - R\u00e9 Management","description":"Des propri\u00e9taires dynamiques, des directeurs charismatiques, des \u00e9quipes d\u2019accueil d\u00e9vou\u00e9es. Heloise\u2019s Choice place l\u2019humain au c\u0153ur de sa conception.","robots":{"index":"index","follow":"follow","max-snippet":"max-snippet:-1","max-image-preview":"max-image-preview:large","max-video-preview":"max-video-preview:-1"},"canonical":"https:\/\/www.re-management.fr\/en\/services\/","og_locale":"en_US","og_type":"article","og_title":"Services - R\u00e9 Management","og_description":"Des propri\u00e9taires dynamiques, des directeurs charismatiques, des \u00e9quipes d\u2019accueil d\u00e9vou\u00e9es. Heloise\u2019s Choice place l\u2019humain au c\u0153ur de sa conception.","og_url":"https:\/\/www.re-management.fr\/en\/services\/","og_site_name":"R\u00e9 Management","article_modified_time":"2024-03-06T18:26:53+00:00","twitter_card":"summary_large_image","twitter_misc":{"Est. reading time":"1 minute"},"schema":{"@context":"https:\/\/schema.org","@graph":[{"@type":"WebPage","@id":"https:\/\/www.re-management.fr\/en\/services\/","url":"https:\/\/www.re-management.fr\/en\/services\/","name":"Services - R\u00e9 Management","isPartOf":{"@id":"https:\/\/www.re-management.fr\/#website"},"datePublished":"2018-10-04T09:58:04+00:00","dateModified":"2024-03-06T18:26:53+00:00","description":"Des propri\u00e9taires dynamiques, des directeurs charismatiques, des \u00e9quipes d\u2019accueil d\u00e9vou\u00e9es. Heloise\u2019s Choice place l\u2019humain au c\u0153ur de sa conception.","breadcrumb":{"@id":"https:\/\/www.re-management.fr\/en\/services\/#breadcrumb"},"inLanguage":"en-US","potentialAction":[{"@type":"ReadAction","target":["https:\/\/www.re-management.fr\/en\/services\/"]}]},{"@type":"BreadcrumbList","@id":"https:\/\/www.re-management.fr\/en\/services\/#breadcrumb","itemListElement":[{"@type":"ListItem","position":1,"name":"Accueil","item":"https:\/\/www.re-management.fr\/"},{"@type":"ListItem","position":2,"name":"Services"}]},{"@type":"WebSite","@id":"https:\/\/www.re-management.fr\/#website","url":"https:\/\/www.re-management.fr\/","name":"R\u00e9 Management","description":"Didier et Olivia Le Calvez, et leur \u00e9quipe, partageront avec vous toute l\u2019expertise qu\u2019ils ont acquis et mise en \u0153uvre pour le positionnement et la gestion d\u2019h\u00f4tels.","potentialAction":[{"@type":"SearchAction","target":{"@type":"EntryPoint","urlTemplate":"https:\/\/www.re-management.fr\/?s={search_term_string}"},"query-input":{"@type":"PropertyValueSpecification","valueRequired":true,"valueName":"search_term_string"}}],"inLanguage":"en-US"}]}},"_links":{"self":[{"href":"https:\/\/www.re-management.fr\/en\/wp-json\/wp\/v2\/pages\/882","targetHints":{"allow":["GET"]}}],"collection":[{"href":"https:\/\/www.re-management.fr\/en\/wp-json\/wp\/v2\/pages"}],"about":[{"href":"https:\/\/www.re-management.fr\/en\/wp-json\/wp\/v2\/types\/page"}],"author":[{"embeddable":true,"href":"https:\/\/www.re-management.fr\/en\/wp-json\/wp\/v2\/users\/1"}],"replies":[{"embeddable":true,"href":"https:\/\/www.re-management.fr\/en\/wp-json\/wp\/v2\/comments?post=882"}],"version-history":[{"count":11,"href":"https:\/\/www.re-management.fr\/en\/wp-json\/wp\/v2\/pages\/882\/revisions"}],"predecessor-version":[{"id":4869,"href":"https:\/\/www.re-management.fr\/en\/wp-json\/wp\/v2\/pages\/882\/revisions\/4869"}],"wp:attachment":[{"href":"https:\/\/www.re-management.fr\/en\/wp-json\/wp\/v2\/media?parent=882"}],"curies":[{"name":"wp","href":"https:\/\/api.w.org\/{rel}","templated":true}]}}